{"id":429,"date":"2025-02-08T15:41:51","date_gmt":"2025-02-08T15:41:51","guid":{"rendered":"https:\/\/alphacoaching2.com\/?post_type=product&#038;p=429"},"modified":"2025-12-11T20:46:05","modified_gmt":"2025-12-11T20:46:05","slug":"alpharia","status":"publish","type":"product","link":"https:\/\/alphacoaching2.com\/fr\/produit\/alpharia\/","title":{"rendered":"ALPHARIA"},"content":{"rendered":"<h2><span style=\"color: #d99791\">D\u00e9couvrez ALPHARIA : Une solution adapt\u00e9e \u00e0 vos besoins<\/span><\/h2>\n<p>ALPHARIA est une exp\u00e9rience hybride sp\u00e9cialement con\u00e7ue pour les femmes qui cherchent \u00e0 atteindre leurs objectifs fitness sans s&rsquo;engager dans un coaching enti\u00e8rement sur-mesure. Gr\u00e2ce \u00e0 la m\u00e9thode \u00e9prouv\u00e9e Alpha Coaching 2.0, ce programme offre un \u00e9quilibre parfait entre structure et libert\u00e9, permettant \u00e0 chaque femme de progresser \u00e0 son rythme et selon ses besoins sp\u00e9cifiques. ALPHARIA est la solution id\u00e9ale pour celles qui d\u00e9sirent un plan intelligent, \u00e9volutif et personnalis\u00e9.<\/p>\n<h2><span style=\"color: #d99791\">Ce que vous obtenez avec ALPHARIA<\/span><\/h2>\n<p>Avec ALPHARIA, vous profitez d\u2019un programme semi-personnalis\u00e9 qui tient compte de votre objectif individuel, que ce soit pour la tonification, la recomposition ou la prise de muscle. Voici ce que le programme inclut :<\/p>\n<p>\u2013 Une adaptation selon votre niveau, votre emploi du temps et le mat\u00e9riel \u00e0 votre disposition.<br \/>\n\u2013 Un suivi \u00e9volutif comprenant des ajustements automatiques toutes les 4 semaines.<br \/>\n\u2013 Un total calorique journalier ajust\u00e9 selon votre poids, votre m\u00e9tabolisme et votre mode de vie.<br \/>\n\u2013 Acc\u00e8s \u00e0 l\u2019Alpha App pour suivre vos s\u00e9ances et votre progression de mani\u00e8re transparente et pratique.<\/p>\n<p>ALPHARIA est plus qu\u2019un programme, c\u2019est une m\u00e9thode qui s\u2019adapte \u00e0 vos besoins et vous offre les outils n\u00e9cessaires pour atteindre vos objectifs, sans compromis.<\/p>\n<h2><span style=\"color: #d99791\">Pour qui est con\u00e7u ALPHARIA ?<\/span><\/h2>\n<p>ALPHARIA est con\u00e7u pour toutes les femmes qui recherchent une transformation physique bas\u00e9e sur la logique et la structure. Ce programme est parfait pour :<\/p>\n<p>\u2013 Celles qui souhaitent un cadre clair et solide mais sans les contraintes d\u2019un coaching 100 % individuel.<br \/>\n\u2013 Celles qui veulent des r\u00e9sultats visibles et durables tout en progressant \u00e0 leur rythme.<br \/>\n\u2013 Celles qui cherchent une m\u00e9thode hautement efficace qui allie exigence et flexibilit\u00e9.<\/p>\n<p>Quelle que soit votre r\u00e9alit\u00e9, ALPHARIA vous guide et vous \u00e9quilibre pour assurer des progr\u00e8s mesurables dans le respect de vos besoins et de vos aspirations.<\/p>\n<h2><span style=\"color: #d99791\">Pourquoi choisir ALPHARIA ?<\/span><\/h2>\n<p>ALPHARIA incarne l\u2019importance d\u2019un plan adapt\u00e9 \u00e0 chaque femme, ni trop rigide ni laiss\u00e9 au hasard. La combinaison unique entre discipline et libert\u00e9 fait d\u2019ALPHARIA un outil puissant pour votre transformation physique et mentale. Il s\u2019agit de la m\u00e9thode Alpha, ajust\u00e9e pour s\u2019aligner parfaitement \u00e0 votre rythme et \u00e0 vos objectifs.<\/p>\n<p>ALPHARIA \u2014 Ta m\u00e9thode. Ton rythme. Ta progression. Transformez votre quotidien avec un programme con\u00e7u pour vous simplifier la vie tout en maximisant vos r\u00e9sultats.<\/p>\n","protected":false},"excerpt":{"rendered":"<p>ALPHARIA est un programme semi-personnalis\u00e9 con\u00e7u exclusivement pour les femmes.<br \/>\nChaque plan s\u2019adapte \u00e0 ton profil, ton rythme et ton objectif,<br \/>\npour t\u2019offrir un \u00e9quilibre parfait entre structure et libert\u00e9.<\/p>\n<p>\u2728 Programme \u00e9volutif + total calorique journalier guid\u00e9 + acc\u00e8s \u00e0 ton espace Alpha App<br \/>\n\u2694\ufe0f Pour femmes qui veulent progresser avec m\u00e9thode, sans contrainte.<\/p>\n","protected":false},"featured_media":430,"comment_status":"open","ping_status":"closed","template":"","meta":{"googlesitekit_rrm_CAow96HFDA:productID":""},"product_brand":[],"product_cat":[77,78,168,31,79],"product_tag":[34],"class_list":{"0":"post-429","1":"product","2":"type-product","3":"status-publish","4":"has-post-thumbnail","6":"product_cat-all","7":"product_cat-body-building","8":"product_cat-prise-de-masse-femme","9":"product_cat-programme-sans-suivis-personnaliser","10":"product_cat-weight-loss","11":"product_tag-femmes","13":"first","14":"instock","15":"virtual","16":"taxable","17":"purchasable","18":"product-type-simple"},"_links":{"self":[{"href":"https:\/\/alphacoaching2.com\/fr\/wp-json\/wp\/v2\/product\/429","targetHints":{"allow":["GET"]}}],"collection":[{"href":"https:\/\/alphacoaching2.com\/fr\/wp-json\/wp\/v2\/product"}],"about":[{"href":"https:\/\/alphacoaching2.com\/fr\/wp-json\/wp\/v2\/types\/product"}],"replies":[{"embeddable":true,"href":"https:\/\/alphacoaching2.com\/fr\/wp-json\/wp\/v2\/comments?post=429"}],"wp:featuredmedia":[{"embeddable":true,"href":"https:\/\/alphacoaching2.com\/fr\/wp-json\/wp\/v2\/media\/430"}],"wp:attachment":[{"href":"https:\/\/alphacoaching2.com\/fr\/wp-json\/wp\/v2\/media?parent=429"}],"wp:term":[{"taxonomy":"product_brand","embeddable":true,"href":"https:\/\/alphacoaching2.com\/fr\/wp-json\/wp\/v2\/product_brand?post=429"},{"taxonomy":"product_cat","embeddable":true,"href":"https:\/\/alphacoaching2.com\/fr\/wp-json\/wp\/v2\/product_cat?post=429"},{"taxonomy":"product_tag","embeddable":true,"href":"https:\/\/alphacoaching2.com\/fr\/wp-json\/wp\/v2\/product_tag?post=429"}],"curies":[{"name":"wp","href":"https:\/\/api.w.org\/{rel}","templated":true}]}}