{"id":2098,"date":"2025-11-18T16:15:51","date_gmt":"2025-11-18T16:15:51","guid":{"rendered":"https:\/\/alphacoaching2.com\/?post_type=product&#038;p=2098"},"modified":"2025-12-04T13:58:59","modified_gmt":"2025-12-04T13:58:59","slug":"alfaros","status":"publish","type":"product","link":"https:\/\/alphacoaching2.com\/fr\/produit\/alfaros\/","title":{"rendered":"ALFAROS"},"content":{"rendered":"<h2 data-start=\"413\" data-end=\"477\"><strong data-start=\"416\" data-end=\"477\">D\u00e9couvrez ALFARION : Une solution adapt\u00e9e \u00e0 vos objectifs<\/strong><\/h2>\n<p data-start=\"478\" data-end=\"948\">ALFARION est une exp\u00e9rience hybride pens\u00e9e pour les hommes qui veulent transformer leur physique sans entrer dans un coaching totalement sur-mesure. Fond\u00e9 sur la m\u00e9thode Alpha Coaching 2.0, ce programme offre l\u2019\u00e9quilibre parfait entre discipline, structure et libert\u00e9. Il vous permet de progresser efficacement tout en respectant votre rythme, votre niveau et votre mode de vie. ALFARION est la solution id\u00e9ale pour obtenir un plan intelligent, \u00e9volutif et personnalis\u00e9.<\/p>\n<h2 data-start=\"950\" data-end=\"990\"><strong data-start=\"953\" data-end=\"990\">Ce que vous obtenez avec ALFARION<\/strong><\/h2>\n<p data-start=\"991\" data-end=\"1603\">ALFARION est un programme semi-personnalis\u00e9 qui s\u2019adapte \u00e0 votre objectif principal, qu\u2019il s\u2019agisse de prise de muscle, recomposition corporelle ou perte de gras. Il inclut une adaptation compl\u00e8te selon votre niveau, votre emploi du temps et le mat\u00e9riel dont vous disposez. Le programme est mis \u00e0 jour automatiquement toutes les quatre semaines pour garantir une progression continue. Vous recevez \u00e9galement un total calorique journalier ajust\u00e9 \u00e0 votre poids, votre m\u00e9tabolisme et votre style de vie. Enfin, l\u2019acc\u00e8s \u00e0 l\u2019Alpha App vous permet de suivre vos s\u00e9ances, vos charges et vos progr\u00e8s en toute simplicit\u00e9.<\/p>\n<h2 data-start=\"1605\" data-end=\"1639\"><strong data-start=\"1608\" data-end=\"1639\">Pour qui est con\u00e7u ALFARION<\/strong><\/h2>\n<p data-start=\"1640\" data-end=\"2107\">ALFARION s\u2019adresse aux hommes qui veulent \u00e9voluer gr\u00e2ce \u00e0 une m\u00e9thode logique, structur\u00e9e et efficace. Il convient parfaitement \u00e0 ceux qui recherchent un cadre solide sans les exigences d\u2019un accompagnement 100 pour cent individuel. Il est id\u00e9al pour les hommes qui souhaitent des r\u00e9sultats visibles et durables tout en avan\u00e7ant \u00e0 leur rythme. C\u2019est aussi la solution parfaite pour ceux qui veulent une m\u00e9thode performante combinant exigence, flexibilit\u00e9 et autonomie.<\/p>\n<h2 data-start=\"2109\" data-end=\"2141\"><strong data-start=\"2112\" data-end=\"2141\">Pourquoi choisir ALFARION<\/strong><\/h2>\n<p data-start=\"2142\" data-end=\"2515\">ALFARION incarne la vision d\u2019un entra\u00eenement intelligent et ma\u00eetris\u00e9, ni trop strict ni trop approximatif. Gr\u00e2ce \u00e0 sa combinaison unique entre structure et libert\u00e9, ce programme devient un v\u00e9ritable outil de transformation physique et mentale. Il repr\u00e9sente l\u2019essence de la m\u00e9thode Alpha, adapt\u00e9e pour r\u00e9pondre pr\u00e9cis\u00e9ment \u00e0 votre rythme, votre objectif et vos contraintes.<\/p>\n<p data-start=\"2517\" data-end=\"2696\"><strong data-start=\"2517\" data-end=\"2571\">ALFARION \u2014 Ta m\u00e9thode. Ton rythme. Ta progression.<\/strong><br data-start=\"2571\" data-end=\"2574\" \/>Transformez votre corps et votre quotidien avec un programme pens\u00e9 pour optimiser vos r\u00e9sultats sans compliquer votre vie.<\/p>\n","protected":false},"excerpt":{"rendered":"<h2 data-start=\"114\" data-end=\"189\"><strong data-start=\"117\" data-end=\"187\">ALFARION est un programme semi-personnalis\u00e9 con\u00e7u pour les hommes.<\/strong><\/h2>\n<p data-start=\"190\" data-end=\"338\">Chaque plan s\u2019adapte \u00e0 ton niveau, ton rythme et ton objectif,<br data-start=\"252\" data-end=\"255\" \/>afin de t\u2019offrir un cadre solide avec la libert\u00e9 dont tu as besoin pour progresser.<\/p>\n<p data-start=\"340\" data-end=\"518\" data-is-last-node=\"\" data-is-only-node=\"\">\u2728 Programme \u00e9volutif, total calorique journalier guid\u00e9 et acc\u00e8s \u00e0 ton espace Alpha App<br data-start=\"426\" data-end=\"429\" \/>\u2694\ufe0f Pour hommes qui veulent construire un physique puissant avec m\u00e9thode, sans contrainte.<\/p>\n","protected":false},"featured_media":2101,"comment_status":"open","ping_status":"closed","template":"","meta":{"googlesitekit_rrm_CAow96HFDA:productID":""},"product_brand":[],"product_cat":[77,80,176,169,81,167],"product_tag":[],"class_list":{"0":"post-2098","1":"product","2":"type-product","3":"status-publish","4":"has-post-thumbnail","6":"product_cat-all","7":"product_cat-fonctionnel","8":"product_cat-force","9":"product_cat-perte-de-poids-homme","10":"product_cat-preparation-physique","11":"product_cat-prise-de-masse-homme","13":"first","14":"instock","15":"virtual","16":"taxable","17":"purchasable","18":"product-type-simple"},"_links":{"self":[{"href":"https:\/\/alphacoaching2.com\/fr\/wp-json\/wp\/v2\/product\/2098","targetHints":{"allow":["GET"]}}],"collection":[{"href":"https:\/\/alphacoaching2.com\/fr\/wp-json\/wp\/v2\/product"}],"about":[{"href":"https:\/\/alphacoaching2.com\/fr\/wp-json\/wp\/v2\/types\/product"}],"replies":[{"embeddable":true,"href":"https:\/\/alphacoaching2.com\/fr\/wp-json\/wp\/v2\/comments?post=2098"}],"wp:featuredmedia":[{"embeddable":true,"href":"https:\/\/alphacoaching2.com\/fr\/wp-json\/wp\/v2\/media\/2101"}],"wp:attachment":[{"href":"https:\/\/alphacoaching2.com\/fr\/wp-json\/wp\/v2\/media?parent=2098"}],"wp:term":[{"taxonomy":"product_brand","embeddable":true,"href":"https:\/\/alphacoaching2.com\/fr\/wp-json\/wp\/v2\/product_brand?post=2098"},{"taxonomy":"product_cat","embeddable":true,"href":"https:\/\/alphacoaching2.com\/fr\/wp-json\/wp\/v2\/product_cat?post=2098"},{"taxonomy":"product_tag","embeddable":true,"href":"https:\/\/alphacoaching2.com\/fr\/wp-json\/wp\/v2\/product_tag?post=2098"}],"curies":[{"name":"wp","href":"https:\/\/api.w.org\/{rel}","templated":true}]}}