{"id":1913,"date":"2025-11-09T17:45:12","date_gmt":"2025-11-09T17:45:12","guid":{"rendered":"https:\/\/alphacoaching2.com\/shop-2\/sweat-a-capuche-under-armour-3\/"},"modified":"2025-11-15T15:46:56","modified_gmt":"2025-11-15T15:46:56","slug":"sweat-a-capuche-under-armour-3","status":"publish","type":"product","link":"https:\/\/alphacoaching2.com\/fr\/produit\/sweat-a-capuche-under-armour-3\/","title":{"rendered":"Sweat \u00e0 capuche Under Armour\u00ae"},"content":{"rendered":"<p>Restez \u00e0 l&rsquo;aise et au chaud avec ce sweat \u00e0 capuche en polaire ultra-doux. Il dispose d&rsquo;une coupe confortable pour toute la journ\u00e9e et est id\u00e9al pour le sport et les v\u00eatements de tous les jours.<\/p>\n<p>\u2022 80\u00a0%\u00a0coton et 20\u00a0%\u00a0polyester<br \/>\n\u2022 Poids du tissu\u00a0: 275\u00a0g\/m\u00b2 (8,11\u00a0oz\/yd\u00b2)<br \/>\n\u2022 Polaire douce en coton m\u00e9lang\u00e9 avec int\u00e9rieur bross\u00e9<br \/>\n\u2022 Coupe droite, unisexe<br \/>\n\u2022 Poche avant<br \/>\n\u2022 Poignets c\u00f4tel\u00e9s et ourlet inf\u00e9rieur<br \/>\n\u2022 Cordons assortis<br \/>\n\u2022 Logo Under Armour\u00ae brod\u00e9 en haut au milieu<br \/>\n\u2022 Produit vierge provenant du Vietnam<\/p>\n<p>Age restrictions: Pour les adultes<br \/>\nEU Warranty: 2\u00a0ans<br \/>\nOther compliance information: R\u00e9pond aux exigences relatives au formald\u00e9hyde, \u00e0 l\u2019inflammabilit\u00e9, au plomb, au cadmium, aux colorants azo\u00efques, au BPA et aux phtalates.<\/p>\n<p>En conformit\u00e9 avec le R\u00e8glement pour la S\u00e9curit\u00e9 G\u00e9n\u00e9rale des Produits (RSGP), <b>ALPHA COACHING 2.0<\/b> garantit que tous les produits de consommation propos\u00e9s sont s\u00fbrs et conformes aux normes de l&rsquo;UE. Pour toute question ou pr\u00e9occupation li\u00e9e \u00e0 la s\u00e9curit\u00e9 des produits, veuillez nous contacter \u00e0 <b>aurelien@alphacoaching2.com<\/b> ou nous \u00e9crire \u00e0 <b>les entourteries 53290 grez en bouere.<b><\/b><\/b><\/p>\n","protected":false},"excerpt":{"rendered":"<p>Restez \u00e0 l&rsquo;aise et au chaud avec ce sweat \u00e0 capuche en polaire ultra-doux. Il dispose d&rsquo;une coupe confortable pour toute la journ\u00e9e et est id\u00e9al<span class=\"excerpt-hellip\"> [\u2026]<\/span><\/p>\n","protected":false},"featured_media":2060,"comment_status":"open","ping_status":"closed","template":"","meta":{"googlesitekit_rrm_CAow96HFDA:productID":""},"product_brand":[],"product_cat":[29],"product_tag":[],"class_list":{"0":"post-1913","1":"product","2":"type-product","3":"status-publish","4":"has-post-thumbnail","6":"product_cat-vetement","8":"first","9":"instock","10":"taxable","11":"shipping-taxable","12":"purchasable","13":"product-type-variable"},"_links":{"self":[{"href":"https:\/\/alphacoaching2.com\/fr\/wp-json\/wp\/v2\/product\/1913","targetHints":{"allow":["GET"]}}],"collection":[{"href":"https:\/\/alphacoaching2.com\/fr\/wp-json\/wp\/v2\/product"}],"about":[{"href":"https:\/\/alphacoaching2.com\/fr\/wp-json\/wp\/v2\/types\/product"}],"replies":[{"embeddable":true,"href":"https:\/\/alphacoaching2.com\/fr\/wp-json\/wp\/v2\/comments?post=1913"}],"wp:featuredmedia":[{"embeddable":true,"href":"https:\/\/alphacoaching2.com\/fr\/wp-json\/wp\/v2\/media\/2060"}],"wp:attachment":[{"href":"https:\/\/alphacoaching2.com\/fr\/wp-json\/wp\/v2\/media?parent=1913"}],"wp:term":[{"taxonomy":"product_brand","embeddable":true,"href":"https:\/\/alphacoaching2.com\/fr\/wp-json\/wp\/v2\/product_brand?post=1913"},{"taxonomy":"product_cat","embeddable":true,"href":"https:\/\/alphacoaching2.com\/fr\/wp-json\/wp\/v2\/product_cat?post=1913"},{"taxonomy":"product_tag","embeddable":true,"href":"https:\/\/alphacoaching2.com\/fr\/wp-json\/wp\/v2\/product_tag?post=1913"}],"curies":[{"name":"wp","href":"https:\/\/api.w.org\/{rel}","templated":true}]}}