{"id":1933,"date":"2025-11-09T17:43:17","date_gmt":"2025-11-09T17:43:17","guid":{"rendered":"https:\/\/alphacoaching2.com\/shop-2\/sudadera-con-capucha-under-armour-3\/"},"modified":"2025-11-10T23:42:46","modified_gmt":"2025-11-10T23:42:46","slug":"sudadera-con-capucha-under-armour-3","status":"publish","type":"product","link":"https:\/\/alphacoaching2.com\/es\/produit\/sudadera-con-capucha-under-armour-3\/","title":{"rendered":"Sudadera con capucha Under Armour\u00ae"},"content":{"rendered":"<p>Mantente c\u00f3modo y abrigado con esta sudadera con capucha de forro polar ultrasuave. Tiene un corte c\u00f3modo para todo el d\u00eda y es ideal para el deporte y la ropa de diario.<\/p>\n<p>\u2022 80 % algod\u00f3n y 20 % poli\u00e9ster<br \/>\n\u2022 Peso del tejido: 275 g\/m\u00b2 (8,11 oz\/yd\u00b2)<br \/>\n\u2022 Forro polar suave de mezcla de algod\u00f3n con interior cepillado<br \/>\n\u2022 Corte recto, unisex<br \/>\n\u2022 Bolsillo delantero<br \/>\n\u2022 Pu\u00f1os acanalados y dobladillo inferior<br \/>\n\u2022 Cordones a juego<br \/>\n\u2022 Logotipo Under Armour\u00ae bordado en la parte superior central<br \/>\n\u2022 Producto virgen procedente de Vietnam<\/p>\n<p>Restricciones de edad: Para adultos<br \/>\nGarant\u00eda de la UE: 2 a\u00f1os<br \/>\nOtra informaci\u00f3n de cumplimiento: Cumple con los requisitos relativos al formaldeh\u00eddo, la inflamabilidad, el plomo, el cadmio, los colorantes azoicos, el BPA y los ftalatos.<\/p>\n<p>En cumplimiento del Reglamento para la Seguridad General de los Productos (RSGP), <b>ALPHA COACHING 2.0<\/b> garantiza que todos los productos de consumo ofrecidos son seguros y cumplen con las normas de la UE. Para cualquier pregunta o preocupaci\u00f3n relacionada con la seguridad de los productos, ponte en contacto con nosotros en <b>aurelien@alphacoaching2.com.<\/b><\/p>\n","protected":false},"excerpt":{"rendered":"<p>Mantente c\u00f3modo y abrigado con esta sudadera con capucha de forro polar ultrasuave. Tiene un corte c\u00f3modo para todo el d\u00eda y es ideal para el<span class=\"excerpt-hellip\"> [\u2026]<\/span><\/p>\n","protected":false},"featured_media":2067,"comment_status":"open","ping_status":"closed","template":"","meta":{"googlesitekit_rrm_CAow96HFDA:productID":""},"product_brand":[],"product_cat":[155],"product_tag":[],"class_list":{"0":"post-1933","1":"product","2":"type-product","3":"status-publish","4":"has-post-thumbnail","6":"product_cat-ropa","8":"first","9":"instock","10":"taxable","11":"shipping-taxable","12":"purchasable","13":"product-type-variable"},"_links":{"self":[{"href":"https:\/\/alphacoaching2.com\/es\/wp-json\/wp\/v2\/product\/1933","targetHints":{"allow":["GET"]}}],"collection":[{"href":"https:\/\/alphacoaching2.com\/es\/wp-json\/wp\/v2\/product"}],"about":[{"href":"https:\/\/alphacoaching2.com\/es\/wp-json\/wp\/v2\/types\/product"}],"replies":[{"embeddable":true,"href":"https:\/\/alphacoaching2.com\/es\/wp-json\/wp\/v2\/comments?post=1933"}],"wp:featuredmedia":[{"embeddable":true,"href":"https:\/\/alphacoaching2.com\/es\/wp-json\/wp\/v2\/media\/2067"}],"wp:attachment":[{"href":"https:\/\/alphacoaching2.com\/es\/wp-json\/wp\/v2\/media?parent=1933"}],"wp:term":[{"taxonomy":"product_brand","embeddable":true,"href":"https:\/\/alphacoaching2.com\/es\/wp-json\/wp\/v2\/product_brand?post=1933"},{"taxonomy":"product_cat","embeddable":true,"href":"https:\/\/alphacoaching2.com\/es\/wp-json\/wp\/v2\/product_cat?post=1933"},{"taxonomy":"product_tag","embeddable":true,"href":"https:\/\/alphacoaching2.com\/es\/wp-json\/wp\/v2\/product_tag?post=1933"}],"curies":[{"name":"wp","href":"https:\/\/api.w.org\/{rel}","templated":true}]}}