{"id":1358,"date":"2025-10-07T13:14:20","date_gmt":"2025-10-07T13:14:20","guid":{"rendered":"https:\/\/alphacoaching2.com\/product\/push-pull-leg-alpha-12-semanas\/"},"modified":"2025-11-05T15:09:24","modified_gmt":"2025-11-05T15:09:24","slug":"push-pull-leg-alpha-12-semanas","status":"publish","type":"product","link":"https:\/\/alphacoaching2.com\/es\/produit\/push-pull-leg-alpha-12-semanas\/","title":{"rendered":"PUSH PULL LEG ALPHA (12 SEMANAS)"},"content":{"rendered":"<h2>Un Programa Completo y Estructurado para Resultados Reales<\/h2>\n<p>El programa PUSH \u2022 PULL \u2022 LEG ALPHA est\u00e1 dise\u00f1ado para ofrecer un enfoque eficaz y l\u00f3gico a tu entrenamiento muscular. Basado en el m\u00e9todo probado Alpha Coaching 2.0, este programa se centra en el desarrollo de la fuerza, el volumen y el equilibrio muscular. Gracias a su simplicidad e intensidad, es adecuado tanto para principiantes como para atletas experimentados, eliminando cualquier p\u00e9rdida de tiempo o incertidumbre. Cada sesi\u00f3n se basa en principios de tensi\u00f3n mec\u00e1nica, ejecuci\u00f3n controlada y progresi\u00f3n continua para maximizar tus resultados.   <\/p>\n<h2>Lo Que Obtienes con PUSH \u2022 PULL \u2022 LEG ALPHA<\/h2>\n<p>Con este programa, tendr\u00e1s acceso a un sistema completo y estructurado que cubre todos los aspectos necesarios para encaminarte hacia tus objetivos. Esto es lo que incluye el programa: <\/p>\n<ul>\n<li><strong>Programa completo<\/strong>: Un plan de entrenamiento Push \/ Pull \/ Leg para usar en el gimnasio, con una frecuencia ideal de tres sesiones por semana.<\/li>\n<li><strong>Estructura Alpha<\/strong>: Optimizaci\u00f3n del volumen, intensidad y frecuencia para un rendimiento m\u00e1ximo.<\/li>\n<li><strong>Acceso a la Alpha App<\/strong>: Un espacio digital dedicado con seguimiento autom\u00e1tico de tu progreso y v\u00eddeos de ejecuci\u00f3n para un acompa\u00f1amiento personalizado.<\/li>\n<\/ul>\n<h2>\u00bfPara Qui\u00e9n es Ideal Este Programa?<\/h2>\n<p>El programa PUSH \u2022 PULL \u2022 LEG ALPHA est\u00e1 dirigido a aquellos que buscan un m\u00e9todo claro y sin complicaciones. Es perfecto para: <\/p>\n<ul>\n<li>Quienes prefieren un enfoque simple pero eficaz, sin necesidad de personalizaci\u00f3n.<\/li>\n<li>Los apasionados del fitness que desean resultados visibles gracias a una estructura l\u00f3gica y progresiva.<\/li>\n<li>Cualquiera que se niegue a dejar su progreso al azar y quiera trabajar con un programa dise\u00f1ado de manera inteligente.<\/li>\n<\/ul>\n<h2>\u00bfPor Qu\u00e9 Elegir PUSH \u2022 PULL \u2022 LEG ALPHA?<\/h2>\n<p>Porque un programa bien dise\u00f1ado marca la diferencia. PUSH \u2022 PULL \u2022 LEG ALPHA se centra en la constancia, el m\u00e9todo y un rigor implacable para alcanzar tus objetivos. Di adi\u00f3s a los entrenamientos aleatorios o mal estructurados y adopta un enfoque estrat\u00e9gico y eficaz. Tu cuerpo merece la estructura, la base y el m\u00e9todo que aporta este programa \u00fanico.   <\/p>\n<p>Con PUSH \u2022 PULL \u2022 LEG ALPHA, tienes una soluci\u00f3n fiable para transformar tu entrenamiento y superar tus l\u00edmites mientras cuidas tu progresi\u00f3n. La clave del \u00e9xito est\u00e1 en tus manos: ahora solo queda aplicarla. <\/p>\n","protected":false},"excerpt":{"rendered":"<p>PUSH PULL LEG ALPHA es un programa gen\u00e9rico completo y estructurado de 12 SEMANAS.<br \/>\nDise\u00f1ado para desarrollar tu fuerza, volumen y equilibrio muscular,<br \/>\nsigue la l\u00f3gica Alpha: tensi\u00f3n, ejecuci\u00f3n, progresi\u00f3n.<\/p>\n<p>\ud83d\udd25 3 sesiones por semana + acceso a Alpha App<br \/>\n\u2694\ufe0f Para aquellos que quieren rendir con m\u00e9todo.<\/p>\n","protected":false},"featured_media":1361,"comment_status":"open","ping_status":"closed","template":"","meta":{"googlesitekit_rrm_CAow96HFDA:productID":""},"product_brand":[],"product_cat":[116,174,123,108,115],"product_tag":[163,124],"class_list":{"0":"post-1358","1":"product","2":"type-product","3":"status-publish","4":"has-post-thumbnail","6":"product_cat-culturismo","7":"product_cat-ganancia-de-masa-hombre","8":"product_cat-programa-generico","9":"product_cat-sin-categoria","10":"product_cat-todo","11":"product_tag-163","12":"product_tag-hombres","14":"first","15":"instock","16":"virtual","17":"sold-individually","18":"purchasable","19":"product-type-simple"},"_links":{"self":[{"href":"https:\/\/alphacoaching2.com\/es\/wp-json\/wp\/v2\/product\/1358","targetHints":{"allow":["GET"]}}],"collection":[{"href":"https:\/\/alphacoaching2.com\/es\/wp-json\/wp\/v2\/product"}],"about":[{"href":"https:\/\/alphacoaching2.com\/es\/wp-json\/wp\/v2\/types\/product"}],"replies":[{"embeddable":true,"href":"https:\/\/alphacoaching2.com\/es\/wp-json\/wp\/v2\/comments?post=1358"}],"wp:featuredmedia":[{"embeddable":true,"href":"https:\/\/alphacoaching2.com\/es\/wp-json\/wp\/v2\/media\/1361"}],"wp:attachment":[{"href":"https:\/\/alphacoaching2.com\/es\/wp-json\/wp\/v2\/media?parent=1358"}],"wp:term":[{"taxonomy":"product_brand","embeddable":true,"href":"https:\/\/alphacoaching2.com\/es\/wp-json\/wp\/v2\/product_brand?post=1358"},{"taxonomy":"product_cat","embeddable":true,"href":"https:\/\/alphacoaching2.com\/es\/wp-json\/wp\/v2\/product_cat?post=1358"},{"taxonomy":"product_tag","embeddable":true,"href":"https:\/\/alphacoaching2.com\/es\/wp-json\/wp\/v2\/product_tag?post=1358"}],"curies":[{"name":"wp","href":"https:\/\/api.w.org\/{rel}","templated":true}]}}