{"id":1240,"date":"2025-02-08T15:41:51","date_gmt":"2025-02-08T15:41:51","guid":{"rendered":"https:\/\/alphacoaching2.com\/product\/alpharia\/"},"modified":"2025-11-19T10:28:02","modified_gmt":"2025-11-19T10:28:02","slug":"alpharia","status":"publish","type":"product","link":"https:\/\/alphacoaching2.com\/es\/produit\/alpharia\/","title":{"rendered":"ALPHARIA"},"content":{"rendered":"<h2><span style=\"color: #d99791\">Descubre ALPHARIA: Una soluci\u00f3n adaptada a tus necesidades<\/span><\/h2>\n<p>ALPHARIA es una experiencia h\u00edbrida especialmente dise\u00f1ada para mujeres que buscan alcanzar sus objetivos fitness sin comprometerse con un coaching completamente personalizado. Gracias al m\u00e9todo probado Alpha Coaching 2.0, este programa ofrece un equilibrio perfecto entre estructura y libertad, permitiendo a cada mujer progresar a su ritmo y seg\u00fan sus necesidades espec\u00edficas. ALPHARIA es la soluci\u00f3n ideal para aquellas que desean un plan inteligente, evolutivo y personalizado.  <\/p>\n<h2><span style=\"color: #d99791\">Lo que obtienes con ALPHARIA<\/span><\/h2>\n<p>Con ALPHARIA, disfrutas de un programa semipersonalizado que tiene en cuenta tu objetivo individual, ya sea para tonificaci\u00f3n, recomposici\u00f3n o ganancia muscular. Esto es lo que incluye el programa: <\/p>\n<p>\u2013 Una adaptaci\u00f3n seg\u00fan tu nivel, tu horario y el material a tu disposici\u00f3n.<br \/>\n\u2013 Un seguimiento evolutivo que incluye ajustes autom\u00e1ticos cada 4 semanas.<br \/>\n\u2013 Un total cal\u00f3rico diario ajustado seg\u00fan tu peso, tu metabolismo y tu estilo de vida.<br \/>\n\u2013 Acceso a la Alpha App para seguir tus sesiones y tu progreso de manera transparente y pr\u00e1ctica.<\/p>\n<p>ALPHARIA es m\u00e1s que un programa, es un m\u00e9todo que se adapta a tus necesidades y te ofrece las herramientas necesarias para alcanzar tus objetivos, sin compromisos.<\/p>\n<h2><span style=\"color: #d99791\">\u00bfPara qui\u00e9n est\u00e1 dise\u00f1ado ALPHARIA?<\/span><\/h2>\n<p>ALPHARIA est\u00e1 dise\u00f1ado para todas las mujeres que buscan una transformaci\u00f3n f\u00edsica basada en la l\u00f3gica y la estructura. Este programa es perfecto para: <\/p>\n<p>\u2013 Aquellas que desean un marco claro y s\u00f3lido pero sin las limitaciones de un coaching 100% individual.<br \/>\n\u2013 Aquellas que quieren resultados visibles y duraderos mientras progresan a su ritmo.<br \/>\n\u2013 Aquellas que buscan un m\u00e9todo altamente eficaz que combina exigencia y flexibilidad.<\/p>\n<p>Sea cual sea tu realidad, ALPHARIA te gu\u00eda y te equilibra para asegurar progresos medibles respetando tus necesidades y aspiraciones.<\/p>\n<h2><span style=\"color: #d99791\">\u00bfPor qu\u00e9 elegir ALPHARIA?<\/span><\/h2>\n<p>ALPHARIA encarna la importancia de un plan adaptado a cada mujer, ni demasiado r\u00edgido ni dejado al azar. La combinaci\u00f3n \u00fanica entre disciplina y libertad hace de ALPHARIA una herramienta poderosa para tu transformaci\u00f3n f\u00edsica y mental. Se trata del m\u00e9todo Alpha, ajustado para alinearse perfectamente con tu ritmo y tus objetivos.  <\/p>\n<p>ALPHARIA \u2014 Tu m\u00e9todo. Tu ritmo. Tu progreso. Transforma tu d\u00eda a d\u00eda con un programa dise\u00f1ado para simplificarte la vida mientras maximiza tus resultados.   <\/p>\n","protected":false},"excerpt":{"rendered":"<p>ALPHARIA es un programa semipersonalizado dise\u00f1ado exclusivamente para mujeres.<br \/>\nCada plan se adapta a tu perfil, tu ritmo y tu objetivo,<br \/>\npara ofrecerte un equilibrio perfecto entre estructura y libertad.<\/p>\n<p>\u2728 Programa evolutivo + total cal\u00f3rico diario guiado + acceso a tu espacio Alpha App<br \/>\n\u2694\ufe0f Para mujeres que quieren progresar con m\u00e9todo, sin limitaciones.<\/p>\n","protected":false},"featured_media":1241,"comment_status":"open","ping_status":"closed","template":"","meta":{"googlesitekit_rrm_CAow96HFDA:productID":""},"product_brand":[],"product_cat":[172,116,117,114,115],"product_tag":[118],"class_list":{"0":"post-1240","1":"product","2":"type-product","3":"status-publish","4":"has-post-thumbnail","6":"product_cat-aumento-de-masa-muscular-mujer","7":"product_cat-culturismo","8":"product_cat-perdida-de-peso","9":"product_cat-programa-seguido-semipersonalizado","10":"product_cat-todo","11":"product_tag-mujeres","13":"first","14":"instock","15":"virtual","16":"taxable","17":"purchasable","18":"product-type-simple"},"_links":{"self":[{"href":"https:\/\/alphacoaching2.com\/es\/wp-json\/wp\/v2\/product\/1240","targetHints":{"allow":["GET"]}}],"collection":[{"href":"https:\/\/alphacoaching2.com\/es\/wp-json\/wp\/v2\/product"}],"about":[{"href":"https:\/\/alphacoaching2.com\/es\/wp-json\/wp\/v2\/types\/product"}],"replies":[{"embeddable":true,"href":"https:\/\/alphacoaching2.com\/es\/wp-json\/wp\/v2\/comments?post=1240"}],"wp:featuredmedia":[{"embeddable":true,"href":"https:\/\/alphacoaching2.com\/es\/wp-json\/wp\/v2\/media\/1241"}],"wp:attachment":[{"href":"https:\/\/alphacoaching2.com\/es\/wp-json\/wp\/v2\/media?parent=1240"}],"wp:term":[{"taxonomy":"product_brand","embeddable":true,"href":"https:\/\/alphacoaching2.com\/es\/wp-json\/wp\/v2\/product_brand?post=1240"},{"taxonomy":"product_cat","embeddable":true,"href":"https:\/\/alphacoaching2.com\/es\/wp-json\/wp\/v2\/product_cat?post=1240"},{"taxonomy":"product_tag","embeddable":true,"href":"https:\/\/alphacoaching2.com\/es\/wp-json\/wp\/v2\/product_tag?post=1240"}],"curies":[{"name":"wp","href":"https:\/\/api.w.org\/{rel}","templated":true}]}}