{"id":1407,"date":"2025-02-05T12:50:52","date_gmt":"2025-02-05T12:50:52","guid":{"rendered":"https:\/\/alphacoaching2.com\/aviso-legal-alpha-coaching-2-0\/"},"modified":"2025-10-11T17:55:36","modified_gmt":"2025-10-11T17:55:36","slug":"aviso-legal-alpha-coaching-2-0","status":"publish","type":"page","link":"https:\/\/alphacoaching2.com\/es\/aviso-legal-alpha-coaching-2-0\/","title":{"rendered":"Aviso legal Alpha Coaching 2.0"},"content":{"rendered":"\n<h2 class=\"wp-block-heading\"><strong>1. Editor del sitio<\/strong><\/h2>\n\n<p>El sitio <strong>Alpha Coaching 2.0<\/strong> est\u00e1 editado por:<\/p>\n\n<ul class=\"wp-block-list\">\n<li><strong>Nombre de la empresa<\/strong>: Alpha Coaching 2.0<\/li>\n\n\n\n<li><strong>Forma jur\u00eddica<\/strong>: Auto empresa<\/li>\n\n\n\n<li><strong>Domicilio social<\/strong>: Les entourteries 53290 Grez en bouere<\/li>\n\n\n\n<li><strong>N\u00famero SIRET<\/strong>: 97981112200014<\/li>\n\n\n\n<li><strong>RCS \/ RM<\/strong>: [Ciudad de registro]<\/li>\n\n\n\n<li><strong>IVA intracomunitario<\/strong>: [Si es aplicable]<\/li>\n\n\n\n<li><strong>Email<\/strong>: alpha.coaching2.1@gmail.com<\/li>\n\n\n\n<li><strong>Tel\u00e9fono<\/strong>: +33 7 87 68 96 18<\/li>\n\n\n\n<li><strong>Director de publicaci\u00f3n<\/strong>: Aur\u00e9lien Lassalle<\/li>\n<\/ul>\n\n<h2 class=\"wp-block-heading\"><strong>2. Alojamiento<\/strong><\/h2>\n\n<p>El sitio est\u00e1 alojado por:<\/p>\n\n<ul class=\"wp-block-list\">\n<li><strong>Nombre del proveedor de alojamiento<\/strong>: Hostinger<\/li>\n\n\n\n<li><strong>Direcci\u00f3n<\/strong>: HOSTINGER INTERNATIONAL LTD, 61 Lordou Vironos Street, 6023 Larnaca, Chypre<\/li>\n\n\n\n<li><strong>Tel\u00e9fono<\/strong>: [N\u00famero del proveedor de alojamiento]<\/li>\n\n\n\n<li><strong>Sitio web<\/strong>: <a href=\"https:\/\/www.hostinger.fr\/contact.\" target=\"_blank\" rel=\"noopener\">https:\/\/www.hostinger.fr\/contact.<\/a><\/li>\n<\/ul>\n\n<h2 class=\"wp-block-heading\"><strong>3. Propiedad intelectual<\/strong><\/h2>\n\n<p>Todo el contenido presente en el sitio <strong>Alpha Coaching 2.0<\/strong> (textos, im\u00e1genes, v\u00eddeos, gr\u00e1ficos, logo, iconos, etc.) es propiedad exclusiva de <strong>Alpha Coaching 2.0<\/strong>, salvo que se indique lo contrario. Queda estrictamente prohibida cualquier reproducci\u00f3n, distribuci\u00f3n, modificaci\u00f3n o explotaci\u00f3n, incluso parcial, sin autorizaci\u00f3n escrita previa, y podr\u00e1 ser objeto de acciones legales. <\/p>\n\n<h2 class=\"wp-block-heading\"><strong>4. Protecci\u00f3n de datos personales<\/strong><\/h2>\n\n<p>De conformidad con el <strong>Reglamento General de Protecci\u00f3n de Datos (RGPD)<\/strong> y la <strong>Ley de Protecci\u00f3n de Datos<\/strong>, el usuario dispone de un derecho de acceso, rectificaci\u00f3n y supresi\u00f3n de sus datos personales.<\/p>\n\n<p>La informaci\u00f3n recogida en el sitio a trav\u00e9s de los formularios de contacto, inscripci\u00f3n o compra est\u00e1 destinada \u00fanicamente a <strong>Alpha Coaching 2.0<\/strong> y nunca se revender\u00e1 a terceros.<\/p>\n\n<p>Para ejercer sus derechos o plantear alguna pregunta relativa a la protecci\u00f3n de datos, p\u00f3ngase en contacto con nosotros en: <strong>alpha.coaching2.1@gmail.com<\/strong>.<\/p>\n\n<h2 class=\"wp-block-heading\"><strong>5. Cookies<\/strong><\/h2>\n\n<p>El sitio <strong>Alpha Coaching 2.0<\/strong> utiliza cookies para mejorar la experiencia del usuario y analizar el tr\u00e1fico. Al continuar navegando, usted acepta el uso de estas cookies. Puede configurar sus preferencias en los par\u00e1metros de su navegador.  <\/p>\n\n<h2 class=\"wp-block-heading\"><strong>6. Responsabilidad<\/strong><\/h2>\n\n<p><strong>Alpha Coaching 2.0<\/strong> no se hace responsable de los da\u00f1os directos o indirectos que resulten del uso del sitio o de los servicios ofrecidos. El usuario es el \u00fanico responsable del uso que haga de la informaci\u00f3n y los servicios disponibles en el sitio. <\/p>\n\n<h2 class=\"wp-block-heading\"><strong>7. Derecho aplicable y jurisdicci\u00f3n competente<\/strong><\/h2>\n\n<p>El presente aviso legal se rige por el derecho franc\u00e9s. En caso de litigio, los tribunales competentes ser\u00e1n los del distrito del domicilio social de la empresa. <\/p>\n\n<h2 class=\"wp-block-heading\"><strong>8. Contacto<\/strong><\/h2>\n\n<p>Para cualquier pregunta o reclamaci\u00f3n, puede ponerse en contacto con nosotros en la siguiente direcci\u00f3n: <strong>alpha.coaching2.1@gmail.com<\/strong><\/p>\n","protected":false},"excerpt":{"rendered":"<p>1. Editor del sitio El sitio Alpha Coaching 2.0 est\u00e1 editado por: 2. Alojamiento El sitio est\u00e1 alojado por: 3. Propiedad intelectual Todo el contenido presente<span class=\"excerpt-hellip\"> [\u2026]<\/span><\/p>\n","protected":false},"author":1,"featured_media":0,"parent":0,"menu_order":0,"comment_status":"closed","ping_status":"closed","template":"","meta":{"googlesitekit_rrm_CAow96HFDA:productID":"","footnotes":""},"class_list":["post-1407","page","type-page","status-publish","hentry"],"_hostinger_reach_plugin_has_subscription_block":false,"_hostinger_reach_plugin_is_elementor":false,"_links":{"self":[{"href":"https:\/\/alphacoaching2.com\/es\/wp-json\/wp\/v2\/pages\/1407","targetHints":{"allow":["GET"]}}],"collection":[{"href":"https:\/\/alphacoaching2.com\/es\/wp-json\/wp\/v2\/pages"}],"about":[{"href":"https:\/\/alphacoaching2.com\/es\/wp-json\/wp\/v2\/types\/page"}],"author":[{"embeddable":true,"href":"https:\/\/alphacoaching2.com\/es\/wp-json\/wp\/v2\/users\/1"}],"replies":[{"embeddable":true,"href":"https:\/\/alphacoaching2.com\/es\/wp-json\/wp\/v2\/comments?post=1407"}],"version-history":[{"count":0,"href":"https:\/\/alphacoaching2.com\/es\/wp-json\/wp\/v2\/pages\/1407\/revisions"}],"wp:attachment":[{"href":"https:\/\/alphacoaching2.com\/es\/wp-json\/wp\/v2\/media?parent=1407"}],"curies":[{"name":"wp","href":"https:\/\/api.w.org\/{rel}","templated":true}]}}