{"id":1396,"date":"2025-06-06T13:00:08","date_gmt":"2025-06-06T13:00:08","guid":{"rendered":"https:\/\/alphacoaching2.com\/contactanos\/"},"modified":"2025-06-06T13:00:08","modified_gmt":"2025-06-06T13:00:08","slug":"contactanos","status":"publish","type":"page","link":"https:\/\/alphacoaching2.com\/es\/contactanos\/","title":{"rendered":"Cont\u00e1ctanos"},"content":{"rendered":"<p>Explora todos los contactos que tenemos en nuestro sitio web. Encuentra informaci\u00f3n sobre nuestros servicios, empresa y m\u00e1s.<br \/>\n  Lorem Ipsum es simplemente texto de relleno de las industrias de la imprenta y la composici\u00f3n tipogr\u00e1fica. Lorem Ipsum ha sido el texto de relleno est\u00e1ndar de la industria desde el a\u00f1o 1500, cuando un impresor desconocido us\u00f3 una galera de tipos y los revolvi\u00f3 para hacer un libro de muestras tipogr\u00e1ficas. Ha sobrevivido no solo a cinco siglos, sino tambi\u00e9n al salto hacia la composici\u00f3n tipogr\u00e1fica electr\u00f3nica, permaneciendo esencialmente sin cambios. Se populariz\u00f3 en los a\u00f1os 1960 con el lanzamiento de las hojas de Letraset que conten\u00edan pasajes de Lorem Ipsum, y m\u00e1s recientemente con software de autoedici\u00f3n como Aldus PageMaker que incluye versiones de Lorem Ipsum.   <br \/>  Todos los generadores de Lorem Ipsum en Internet tienden a repetir fragmentos predefinidos seg\u00fan sea necesario, haciendo de este el primer generador verdadero en Internet. Utiliza un diccionario de m\u00e1s de 200 palabras latinas, combinado con un pu\u00f1ado de estructuras de oraciones modelo, para generar Lorem Ipsum que parece razonable. El Lorem Ipsum generado est\u00e1 por tanto siempre libre de repetici\u00f3n, humor inyectado o palabras no caracter\u00edsticas, etc.  <\/p>\n","protected":false},"excerpt":{"rendered":"<p>Explora todos los contactos que tenemos en nuestro sitio web. Encuentra informaci\u00f3n sobre nuestros servicios, empresa y m\u00e1s. Lorem Ipsum es simplemente texto de relleno de<span class=\"excerpt-hellip\"> [\u2026]<\/span><\/p>\n","protected":false},"author":1,"featured_media":0,"parent":0,"menu_order":0,"comment_status":"closed","ping_status":"closed","template":"","meta":{"googlesitekit_rrm_CAow96HFDA:productID":"","footnotes":""},"class_list":["post-1396","page","type-page","status-publish","hentry"],"_hostinger_reach_plugin_has_subscription_block":false,"_hostinger_reach_plugin_is_elementor":false,"_links":{"self":[{"href":"https:\/\/alphacoaching2.com\/es\/wp-json\/wp\/v2\/pages\/1396","targetHints":{"allow":["GET"]}}],"collection":[{"href":"https:\/\/alphacoaching2.com\/es\/wp-json\/wp\/v2\/pages"}],"about":[{"href":"https:\/\/alphacoaching2.com\/es\/wp-json\/wp\/v2\/types\/page"}],"author":[{"embeddable":true,"href":"https:\/\/alphacoaching2.com\/es\/wp-json\/wp\/v2\/users\/1"}],"replies":[{"embeddable":true,"href":"https:\/\/alphacoaching2.com\/es\/wp-json\/wp\/v2\/comments?post=1396"}],"version-history":[{"count":0,"href":"https:\/\/alphacoaching2.com\/es\/wp-json\/wp\/v2\/pages\/1396\/revisions"}],"wp:attachment":[{"href":"https:\/\/alphacoaching2.com\/es\/wp-json\/wp\/v2\/media?parent=1396"}],"curies":[{"name":"wp","href":"https:\/\/api.w.org\/{rel}","templated":true}]}}